{"id":10086,"date":"2023-07-18T09:05:24","date_gmt":"2023-07-18T07:05:24","guid":{"rendered":"https:\/\/www.ecomag-france.fr\/what-is-vasp-certification\/"},"modified":"2025-09-26T12:39:15","modified_gmt":"2025-09-26T10:39:15","slug":"what-is-vasp-certification","status":"publish","type":"page","link":"https:\/\/www.ecomag-france.fr\/en\/what-is-vasp-certification\/","title":{"rendered":"What is VASP certification?"},"content":{"rendered":"\t\t<div data-elementor-type=\"wp-page\" data-elementor-id=\"10086\" class=\"elementor elementor-10086 elementor-6273\" data-elementor-post-type=\"page\">\n\t\t\t\t\t\t<section class=\"elementor-section elementor-top-section elementor-element elementor-element-8bdd8ab elementor-reverse-tablet elementor-reverse-mobile elementor-section-boxed elementor-section-height-default elementor-section-height-default\" data-id=\"8bdd8ab\" data-element_type=\"section\" data-e-type=\"section\" data-settings=\"{&quot;background_background&quot;:&quot;classic&quot;}\">\n\t\t\t\t\t\t<div class=\"elementor-container elementor-column-gap-wider\">\n\t\t\t\t\t<div class=\"elementor-column elementor-col-100 elementor-top-column elementor-element elementor-element-2edbd72\" data-id=\"2edbd72\" data-element_type=\"column\" data-e-type=\"column\">\n\t\t\t<div class=\"elementor-widget-wrap elementor-element-populated\">\n\t\t\t\t\t\t<div class=\"elementor-element elementor-element-37c72a4 elementor-widget elementor-widget-shortcode\" data-id=\"37c72a4\" data-element_type=\"widget\" data-e-type=\"widget\" data-widget_type=\"shortcode.default\">\n\t\t\t\t<div class=\"elementor-widget-container\">\n\t\t\t\t\t\t\t<div class=\"elementor-shortcode\"><span><span><a href=\"https:\/\/www.ecomag-france.fr\/en\/redesign-2\/\">Accueil<\/a><\/span><\/span><\/div>\n\t\t\t\t\t\t<\/div>\n\t\t\t\t<\/div>\n\t\t\t\t<div class=\"elementor-element elementor-element-8627339 elementor-widget elementor-widget-spacer\" data-id=\"8627339\" data-element_type=\"widget\" data-e-type=\"widget\" data-widget_type=\"spacer.default\">\n\t\t\t\t<div class=\"elementor-widget-container\">\n\t\t\t\t\t\t\t<div class=\"elementor-spacer\">\n\t\t\t<div class=\"elementor-spacer-inner\"><\/div>\n\t\t<\/div>\n\t\t\t\t\t\t<\/div>\n\t\t\t\t<\/div>\n\t\t\t\t<div class=\"elementor-element elementor-element-a63a7e8 elementor-widget elementor-widget-heading\" data-id=\"a63a7e8\" data-element_type=\"widget\" data-e-type=\"widget\" data-widget_type=\"heading.default\">\n\t\t\t\t<div class=\"elementor-widget-container\">\n\t\t\t\t\t<h1 class=\"elementor-heading-title elementor-size-default\">What is VASP certification?<\/h1>\t\t\t\t<\/div>\n\t\t\t\t<\/div>\n\t\t\t\t<div class=\"elementor-element elementor-element-6015437 elementor-widget elementor-widget-spacer\" data-id=\"6015437\" data-element_type=\"widget\" data-e-type=\"widget\" data-widget_type=\"spacer.default\">\n\t\t\t\t<div class=\"elementor-widget-container\">\n\t\t\t\t\t\t\t<div class=\"elementor-spacer\">\n\t\t\t<div class=\"elementor-spacer-inner\"><\/div>\n\t\t<\/div>\n\t\t\t\t\t\t<\/div>\n\t\t\t\t<\/div>\n\t\t\t\t<div class=\"elementor-element elementor-element-f252e1f elementor-widget elementor-widget-text-editor\" data-id=\"f252e1f\" data-element_type=\"widget\" data-e-type=\"widget\" data-widget_type=\"text-editor.default\">\n\t\t\t\t<div class=\"elementor-widget-container\">\n\t\t\t\t\t\t\t\t\t<p style=\"margin-bottom: 0cm;\"><span style=\"color: #374151;\"><span style=\"font-family: S hne, ui-sans-serif, system-ui, apple-system, Segoe UI, Roboto, Ubuntu, Cantarell, Noto Sans, sans-serif, Helvetica Neue, Arial, Apple Color Emoji, Segoe UI Emoji, Segoe UI Symbol, Noto Color Emoji;\"><span style=\"font-size: medium;\"><span style=\"font-style: normal;\">VASP homologation, or Validation d&#8217;Aptitude \u00e0 la S\u00e9curit\u00e9 des Produits, is an essential regulatory process in the automotive industry. It aims to assess and approve the conformity of specialized vehicles used for professional or specific purposes. VASP certification guarantees that these vehicles meet the strict safety standards set by current legislation. This procedure mainly concerns vehicles used in fields such as passenger transport, ambulances, emergency vehicles, dangerous goods vehicles, etc.   <\/span><\/span><\/span><\/span><\/p>\t\t\t\t\t\t\t\t<\/div>\n\t\t\t\t<\/div>\n\t\t\t\t\t<\/div>\n\t\t<\/div>\n\t\t\t\t\t<\/div>\n\t\t<\/section>\n\t\t\t\t<section class=\"elementor-section elementor-top-section elementor-element elementor-element-2d73650 elementor-reverse-tablet elementor-reverse-mobile elementor-section-boxed elementor-section-height-default elementor-section-height-default\" data-id=\"2d73650\" data-element_type=\"section\" data-e-type=\"section\" data-settings=\"{&quot;background_background&quot;:&quot;classic&quot;}\">\n\t\t\t\t\t\t<div class=\"elementor-container elementor-column-gap-wider\">\n\t\t\t\t\t<div class=\"elementor-column elementor-col-50 elementor-top-column elementor-element elementor-element-a05239c\" data-id=\"a05239c\" data-element_type=\"column\" data-e-type=\"column\">\n\t\t\t<div class=\"elementor-widget-wrap elementor-element-populated\">\n\t\t\t\t\t\t<div class=\"elementor-element elementor-element-6a4b4fc elementor-widget elementor-widget-spacer\" data-id=\"6a4b4fc\" data-element_type=\"widget\" data-e-type=\"widget\" data-widget_type=\"spacer.default\">\n\t\t\t\t<div class=\"elementor-widget-container\">\n\t\t\t\t\t\t\t<div class=\"elementor-spacer\">\n\t\t\t<div class=\"elementor-spacer-inner\"><\/div>\n\t\t<\/div>\n\t\t\t\t\t\t<\/div>\n\t\t\t\t<\/div>\n\t\t\t\t<div class=\"elementor-element elementor-element-6784595 elementor-widget elementor-widget-heading\" data-id=\"6784595\" data-element_type=\"widget\" data-e-type=\"widget\" data-widget_type=\"heading.default\">\n\t\t\t\t<div class=\"elementor-widget-container\">\n\t\t\t\t\t<h2 class=\"elementor-heading-title elementor-size-default\">The different standards for homologation  <\/h2>\t\t\t\t<\/div>\n\t\t\t\t<\/div>\n\t\t\t\t<div class=\"elementor-element elementor-element-2471de5 elementor-widget elementor-widget-text-editor\" data-id=\"2471de5\" data-element_type=\"widget\" data-e-type=\"widget\" data-widget_type=\"text-editor.default\">\n\t\t\t\t<div class=\"elementor-widget-container\">\n\t\t\t\t\t\t\t\t\t<span style=\"color: #374151;\"><span style=\"font-family: S hne, ui-sans-serif, system-ui, apple-system, Segoe UI, Roboto, Ubuntu, Cantarell, Noto Sans, sans-serif, Helvetica Neue, Arial, Apple Color Emoji, Segoe UI Emoji, Segoe UI Symbol, Noto Color Emoji;\"><span style=\"font-size: medium;\"><strong>VASP certification<\/strong> is based on various standards that vary from country to country. These standards are designed to assess different aspects of vehicle safety and conformity. They may include :  <\/span><\/span><\/span>\n<ul>\n \t<li><strong>Structural strength:<\/strong> The vehicle must be solidly built to guarantee occupant safety in the event of an accident.<\/li><br> \t<li><strong>Braking systems:<\/strong> Vehicles must be fitted with braking systems that comply with standards and are capable of delivering adequate braking power.<\/li><br> \t<li><strong>Safety equipment:<\/strong> Vehicles must be fitted with safety devices such as seatbelts, airbags, signaling equipment, etc.<\/li><br> \t<li><strong>Specific equipment:<\/strong> Depending on the type of vehicle, specific criteria may apply. For example, ambulances must meet specific medical standards, dangerous goods vehicles must comply with regulations governing the transport of hazardous substances, etc. <\/li>\n<\/ul>\t\t\t\t\t\t\t\t<\/div>\n\t\t\t\t<\/div>\n\t\t\t\t<div class=\"elementor-element elementor-element-cfcdc6f elementor-widget elementor-widget-spacer\" data-id=\"cfcdc6f\" data-element_type=\"widget\" data-e-type=\"widget\" data-widget_type=\"spacer.default\">\n\t\t\t\t<div class=\"elementor-widget-container\">\n\t\t\t\t\t\t\t<div class=\"elementor-spacer\">\n\t\t\t<div class=\"elementor-spacer-inner\"><\/div>\n\t\t<\/div>\n\t\t\t\t\t\t<\/div>\n\t\t\t\t<\/div>\n\t\t\t\t<div class=\"elementor-element elementor-element-52333e6 elementor-widget elementor-widget-spacer\" data-id=\"52333e6\" data-element_type=\"widget\" data-e-type=\"widget\" data-widget_type=\"spacer.default\">\n\t\t\t\t<div class=\"elementor-widget-container\">\n\t\t\t\t\t\t\t<div class=\"elementor-spacer\">\n\t\t\t<div class=\"elementor-spacer-inner\"><\/div>\n\t\t<\/div>\n\t\t\t\t\t\t<\/div>\n\t\t\t\t<\/div>\n\t\t\t\t<div class=\"elementor-element elementor-element-5c1eb38 elementor-widget elementor-widget-button\" data-id=\"5c1eb38\" data-element_type=\"widget\" data-e-type=\"widget\" data-widget_type=\"button.default\">\n\t\t\t\t<div class=\"elementor-widget-container\">\n\t\t\t\t\t\t\t\t\t<div class=\"elementor-button-wrapper\">\n\t\t\t\t\t<a class=\"elementor-button elementor-button-link elementor-size-sm\" href=\"https:\/\/www.ecomag-france.fr\/en\/contact\/\">\n\t\t\t\t\t\t<span class=\"elementor-button-content-wrapper\">\n\t\t\t\t\t\t\t\t\t<span class=\"elementor-button-text\">I make my request<\/span>\n\t\t\t\t\t<\/span>\n\t\t\t\t\t<\/a>\n\t\t\t\t<\/div>\n\t\t\t\t\t\t\t\t<\/div>\n\t\t\t\t<\/div>\n\t\t\t\t\t<\/div>\n\t\t<\/div>\n\t\t\t\t<div class=\"elementor-column elementor-col-50 elementor-top-column elementor-element elementor-element-d4a897b\" data-id=\"d4a897b\" data-element_type=\"column\" data-e-type=\"column\" data-settings=\"{&quot;background_background&quot;:&quot;classic&quot;}\">\n\t\t\t<div class=\"elementor-widget-wrap elementor-element-populated\">\n\t\t\t\t\t\t<div class=\"elementor-element elementor-element-452dc39 elementor-widget elementor-widget-spacer\" data-id=\"452dc39\" data-element_type=\"widget\" data-e-type=\"widget\" data-widget_type=\"spacer.default\">\n\t\t\t\t<div class=\"elementor-widget-container\">\n\t\t\t\t\t\t\t<div class=\"elementor-spacer\">\n\t\t\t<div class=\"elementor-spacer-inner\"><\/div>\n\t\t<\/div>\n\t\t\t\t\t\t<\/div>\n\t\t\t\t<\/div>\n\t\t\t\t\t<\/div>\n\t\t<\/div>\n\t\t\t\t\t<\/div>\n\t\t<\/section>\n\t\t\t\t<section class=\"elementor-section elementor-top-section elementor-element elementor-element-d784cfd elementor-section-boxed elementor-section-height-default elementor-section-height-default\" data-id=\"d784cfd\" data-element_type=\"section\" data-e-type=\"section\" data-settings=\"{&quot;background_background&quot;:&quot;classic&quot;}\">\n\t\t\t\t\t\t<div class=\"elementor-container elementor-column-gap-default\">\n\t\t\t\t\t<div class=\"elementor-column elementor-col-100 elementor-top-column elementor-element elementor-element-1790f10\" data-id=\"1790f10\" data-element_type=\"column\" data-e-type=\"column\">\n\t\t\t<div class=\"elementor-widget-wrap elementor-element-populated\">\n\t\t\t\t\t\t<section class=\"elementor-section elementor-inner-section elementor-element elementor-element-6b6d05c elementor-section-full_width elementor-section-height-default elementor-section-height-default\" data-id=\"6b6d05c\" data-element_type=\"section\" data-e-type=\"section\">\n\t\t\t\t\t\t<div class=\"elementor-container elementor-column-gap-default\">\n\t\t\t\t\t<div class=\"elementor-column elementor-col-50 elementor-inner-column elementor-element elementor-element-7eb95e5\" data-id=\"7eb95e5\" data-element_type=\"column\" data-e-type=\"column\">\n\t\t\t<div class=\"elementor-widget-wrap elementor-element-populated\">\n\t\t\t\t\t\t<div class=\"elementor-element elementor-element-3e76974 elementor-widget elementor-widget-text-editor\" data-id=\"3e76974\" data-element_type=\"widget\" data-e-type=\"widget\" data-widget_type=\"text-editor.default\">\n\t\t\t\t<div class=\"elementor-widget-container\">\n\t\t\t\t\t\t\t\t\t<h3 aria-level=\"3\"><b><span data-contrast=\"auto\">&gt;&gt;  Types of vehicle registration documents<\/span><\/b><span data-ccp-props=\"{\"> <\/span><\/h3><p><span data-contrast=\"auto\">Under the VASP approval system, different types of registration cards can be issued, depending on the vehicle&#8217;s use:<\/span><span data-ccp-props=\"{\"> <\/span><\/p><ul><li style=\"list-style-type: none;\"><ul><li><strong>Carte grise normale:<\/strong> This is issued for passenger cars and light commercial vehicles that do not require special approval.<\/li><\/ul><\/li><\/ul><p> <\/p><ul><li style=\"list-style-type: none;\"><ul><li><strong>Carte grise VASP (VASP registration<\/strong> card): This registration card is issued to vehicles that have obtained VASP approval. It certifies that the vehicle complies with specific safety standards. <\/li><\/ul><\/li><\/ul><p> <\/p><ul><li><strong>Special registration:<\/strong> Certain specialized vehicles may require special registration in addition to VASP approval, depending on their particular characteristics.<\/li><\/ul><p> <\/p><p><a href=\"https:\/\/www.ecomag-france.fr\/en\/how-do-you-register-a-food-truck\/\">How do I get my food truck approved?<\/a><\/p>\t\t\t\t\t\t\t\t<\/div>\n\t\t\t\t<\/div>\n\t\t\t\t\t<\/div>\n\t\t<\/div>\n\t\t\t\t<div class=\"elementor-column elementor-col-50 elementor-inner-column elementor-element elementor-element-aa0b917\" data-id=\"aa0b917\" data-element_type=\"column\" data-e-type=\"column\">\n\t\t\t<div class=\"elementor-widget-wrap elementor-element-populated\">\n\t\t\t\t\t\t<div class=\"elementor-element elementor-element-9764650 elementor-widget elementor-widget-text-editor\" data-id=\"9764650\" data-element_type=\"widget\" data-e-type=\"widget\" data-widget_type=\"text-editor.default\">\n\t\t\t\t<div class=\"elementor-widget-container\">\n\t\t\t\t\t\t\t\t\t<h3 aria-level=\"3\"><b><span data-contrast=\"auto\">&gt;&gt;  Specific VASP approval for food trucks<\/span><\/b><span data-ccp-props=\"{\"> <\/span><\/h3>\n<span data-contrast=\"auto\">In the food truck sector, VASP certification plays a crucial role in guaranteeing food safety and regulatory compliance. Food trucks must meet specific criteria in terms of hygiene, safety and food handling. These criteria are assessed as part of the specific VASP approval for food trucks.  \n<br><br>This approval includes standards for kitchen equipment, ventilation systems, perishable food storage, sewage disposal, fire safety devices and more. Food trucks must go through a thorough inspection process to obtain VASP approval, and thus a VASP vehicle registration document specific to their activity. <\/span><span data-ccp-props=\"{\"> <\/span>\t\t\t\t\t\t\t\t<\/div>\n\t\t\t\t<\/div>\n\t\t\t\t\t<\/div>\n\t\t<\/div>\n\t\t\t\t\t<\/div>\n\t\t<\/section>\n\t\t\t\t\t<\/div>\n\t\t<\/div>\n\t\t\t\t\t<\/div>\n\t\t<\/section>\n\t\t\t\t<section class=\"elementor-section elementor-top-section elementor-element elementor-element-4da10a9 elementor-reverse-tablet elementor-reverse-mobile elementor-section-boxed elementor-section-height-default elementor-section-height-default\" data-id=\"4da10a9\" data-element_type=\"section\" data-e-type=\"section\" data-settings=\"{&quot;background_background&quot;:&quot;classic&quot;}\">\n\t\t\t\t\t\t<div class=\"elementor-container elementor-column-gap-wider\">\n\t\t\t\t\t<div class=\"elementor-column elementor-col-100 elementor-top-column elementor-element elementor-element-ecfcd75\" data-id=\"ecfcd75\" data-element_type=\"column\" data-e-type=\"column\">\n\t\t\t<div class=\"elementor-widget-wrap elementor-element-populated\">\n\t\t\t\t\t\t<div class=\"elementor-element elementor-element-edf5d29 elementor-widget elementor-widget-spacer\" data-id=\"edf5d29\" data-element_type=\"widget\" data-e-type=\"widget\" data-widget_type=\"spacer.default\">\n\t\t\t\t<div class=\"elementor-widget-container\">\n\t\t\t\t\t\t\t<div class=\"elementor-spacer\">\n\t\t\t<div class=\"elementor-spacer-inner\"><\/div>\n\t\t<\/div>\n\t\t\t\t\t\t<\/div>\n\t\t\t\t<\/div>\n\t\t\t\t<div class=\"elementor-element elementor-element-6386b6c elementor-widget elementor-widget-heading\" data-id=\"6386b6c\" data-element_type=\"widget\" data-e-type=\"widget\" data-widget_type=\"heading.default\">\n\t\t\t\t<div class=\"elementor-widget-container\">\n\t\t\t\t\t<h2 class=\"elementor-heading-title elementor-size-default\">VASP certification: what you need to know<\/h2>\t\t\t\t<\/div>\n\t\t\t\t<\/div>\n\t\t\t\t<div class=\"elementor-element elementor-element-c371469 elementor-widget elementor-widget-spacer\" data-id=\"c371469\" data-element_type=\"widget\" data-e-type=\"widget\" data-widget_type=\"spacer.default\">\n\t\t\t\t<div class=\"elementor-widget-container\">\n\t\t\t\t\t\t\t<div class=\"elementor-spacer\">\n\t\t\t<div class=\"elementor-spacer-inner\"><\/div>\n\t\t<\/div>\n\t\t\t\t\t\t<\/div>\n\t\t\t\t<\/div>\n\t\t\t\t<div class=\"elementor-element elementor-element-6ee79b9 elementor-widget elementor-widget-text-editor\" data-id=\"6ee79b9\" data-element_type=\"widget\" data-e-type=\"widget\" data-widget_type=\"text-editor.default\">\n\t\t\t\t<div class=\"elementor-widget-container\">\n\t\t\t\t\t\t\t\t\t<p><span style=\"color: #374151;\"><span style=\"font-family: S hne, ui-sans-serif, system-ui, apple-system, Segoe UI, Roboto, Ubuntu, Cantarell, Noto Sans, sans-serif, Helvetica Neue, Arial, Apple Color Emoji, Segoe UI Emoji, Segoe UI Symbol, Noto Color Emoji;\"><span style=\"font-size: medium;\">VASP certification is an essential process for guaranteeing the safety and conformity of specialized vehicles. It ensures that these vehicles meet the specific safety standards laid down by legislation. In the food truck sector, VASP certification is particularly important to ensure food safety and regulatory compliance.  <\/span><\/span><\/span><\/p>\t\t\t\t\t\t\t\t<\/div>\n\t\t\t\t<\/div>\n\t\t\t\t\t<\/div>\n\t\t<\/div>\n\t\t\t\t\t<\/div>\n\t\t<\/section>\n\t\t\t\t<\/div>\n\t\t","protected":false},"excerpt":{"rendered":"<p>What is VASP certification? VASP homologation, or Validation d&#8217;Aptitude \u00e0 la S\u00e9curit\u00e9 des Produits, is an essential regulatory process in the automotive industry. It aims to assess and approve the conformity of specialized vehicles used for professional or specific purposes. VASP certification guarantees that these vehicles meet the strict safety standards set by current legislation. [&hellip;]<\/p>\n","protected":false},"author":3,"featured_media":0,"parent":0,"menu_order":0,"comment_status":"closed","ping_status":"closed","template":"elementor_header_footer","meta":{"_acf_changed":false,"footnotes":""},"class_list":["post-10086","page","type-page","status-publish","hentry"],"acf":[],"yoast_head":"<!-- This site is optimized with the Yoast SEO plugin v27.4 - https:\/\/yoast.com\/product\/yoast-seo-wordpress\/ -->\n<title>What is VASP certification? - Ecomag Food Truck<\/title>\n<meta name=\"description\" content=\"Find out what VASP certification is and why it&#039;s important for specialized vehicles. Everything you need to know in one comprehensive guide.\" \/>\n<meta name=\"robots\" content=\"index, follow, max-snippet:-1, max-image-preview:large, max-video-preview:-1\" \/>\n<link rel=\"canonical\" href=\"https:\/\/www.ecomag-france.fr\/en\/what-is-vasp-certification\/\" \/>\n<meta property=\"og:locale\" content=\"en_US\" \/>\n<meta property=\"og:type\" content=\"article\" \/>\n<meta property=\"og:title\" content=\"What is VASP certification? - Ecomag Food Truck\" \/>\n<meta property=\"og:description\" content=\"Find out what VASP certification is and why it&#039;s important for specialized vehicles. Everything you need to know in one comprehensive guide.\" \/>\n<meta property=\"og:url\" content=\"https:\/\/www.ecomag-france.fr\/en\/what-is-vasp-certification\/\" \/>\n<meta property=\"og:site_name\" content=\"Ecomag France\" \/>\n<meta property=\"article:publisher\" content=\"https:\/\/www.facebook.com\/Ecomagfrance\" \/>\n<meta property=\"article:modified_time\" content=\"2025-09-26T10:39:15+00:00\" \/>\n<meta name=\"twitter:card\" content=\"summary_large_image\" \/>\n<meta name=\"twitter:site\" content=\"@ecomagfrance\" \/>\n<meta name=\"twitter:label1\" content=\"Est. reading time\" \/>\n\t<meta name=\"twitter:data1\" content=\"2 minutes\" \/>\n<!-- \/ Yoast SEO plugin. -->","yoast_head_json":{"title":"What is VASP certification? - Ecomag Food Truck","description":"Find out what VASP certification is and why it's important for specialized vehicles. Everything you need to know in one comprehensive guide.","robots":{"index":"index","follow":"follow","max-snippet":"max-snippet:-1","max-image-preview":"max-image-preview:large","max-video-preview":"max-video-preview:-1"},"canonical":"https:\/\/www.ecomag-france.fr\/en\/what-is-vasp-certification\/","og_locale":"en_US","og_type":"article","og_title":"What is VASP certification? - Ecomag Food Truck","og_description":"Find out what VASP certification is and why it's important for specialized vehicles. Everything you need to know in one comprehensive guide.","og_url":"https:\/\/www.ecomag-france.fr\/en\/what-is-vasp-certification\/","og_site_name":"Ecomag France","article_publisher":"https:\/\/www.facebook.com\/Ecomagfrance","article_modified_time":"2025-09-26T10:39:15+00:00","twitter_card":"summary_large_image","twitter_site":"@ecomagfrance","twitter_misc":{"Est. reading time":"2 minutes"},"schema":{"@context":"https:\/\/schema.org","@graph":[{"@type":"WebPage","@id":"https:\/\/www.ecomag-france.fr\/en\/what-is-vasp-certification\/","url":"https:\/\/www.ecomag-france.fr\/en\/what-is-vasp-certification\/","name":"What is VASP certification? - Ecomag Food Truck","isPartOf":{"@id":"https:\/\/www.ecomag-france.fr\/en\/#website"},"datePublished":"2023-07-18T07:05:24+00:00","dateModified":"2025-09-26T10:39:15+00:00","description":"Find out what VASP certification is and why it's important for specialized vehicles. Everything you need to know in one comprehensive guide.","breadcrumb":{"@id":"https:\/\/www.ecomag-france.fr\/en\/what-is-vasp-certification\/#breadcrumb"},"inLanguage":"en-US","potentialAction":[{"@type":"ReadAction","target":["https:\/\/www.ecomag-france.fr\/en\/what-is-vasp-certification\/"]}]},{"@type":"BreadcrumbList","@id":"https:\/\/www.ecomag-france.fr\/en\/what-is-vasp-certification\/#breadcrumb","itemListElement":[{"@type":"ListItem","position":1,"name":"Accueil","item":"https:\/\/www.ecomag-france.fr\/en\/redesign-2\/"},{"@type":"ListItem","position":2,"name":"What is VASP certification?"}]},{"@type":"WebSite","@id":"https:\/\/www.ecomag-france.fr\/en\/#website","url":"https:\/\/www.ecomag-france.fr\/en\/","name":"Ecomag France","description":"Fabrication de food truck et camion magasin","publisher":{"@id":"https:\/\/www.ecomag-france.fr\/en\/#organization"},"potentialAction":[{"@type":"SearchAction","target":{"@type":"EntryPoint","urlTemplate":"https:\/\/www.ecomag-france.fr\/en\/?s={search_term_string}"},"query-input":{"@type":"PropertyValueSpecification","valueRequired":true,"valueName":"search_term_string"}}],"inLanguage":"en-US"},{"@type":"Organization","@id":"https:\/\/www.ecomag-france.fr\/en\/#organization","name":"Ecomag France","url":"https:\/\/www.ecomag-france.fr\/en\/","logo":{"@type":"ImageObject","inLanguage":"en-US","@id":"https:\/\/www.ecomag-france.fr\/en\/#\/schema\/logo\/image\/","url":"https:\/\/www.ecomag-france.fr\/wp-content\/uploads\/2020\/10\/Ecomag-Logo-site.svg","contentUrl":"https:\/\/www.ecomag-france.fr\/wp-content\/uploads\/2020\/10\/Ecomag-Logo-site.svg","width":760,"height":245,"caption":"Ecomag France"},"image":{"@id":"https:\/\/www.ecomag-france.fr\/en\/#\/schema\/logo\/image\/"},"sameAs":["https:\/\/www.facebook.com\/Ecomagfrance","https:\/\/x.com\/ecomagfrance","https:\/\/www.instagram.com\/ecomagfrance5973\/"]}]}},"_links":{"self":[{"href":"https:\/\/www.ecomag-france.fr\/en\/wp-json\/wp\/v2\/pages\/10086","targetHints":{"allow":["GET"]}}],"collection":[{"href":"https:\/\/www.ecomag-france.fr\/en\/wp-json\/wp\/v2\/pages"}],"about":[{"href":"https:\/\/www.ecomag-france.fr\/en\/wp-json\/wp\/v2\/types\/page"}],"author":[{"embeddable":true,"href":"https:\/\/www.ecomag-france.fr\/en\/wp-json\/wp\/v2\/users\/3"}],"replies":[{"embeddable":true,"href":"https:\/\/www.ecomag-france.fr\/en\/wp-json\/wp\/v2\/comments?post=10086"}],"version-history":[{"count":0,"href":"https:\/\/www.ecomag-france.fr\/en\/wp-json\/wp\/v2\/pages\/10086\/revisions"}],"wp:attachment":[{"href":"https:\/\/www.ecomag-france.fr\/en\/wp-json\/wp\/v2\/media?parent=10086"}],"curies":[{"name":"wp","href":"https:\/\/api.w.org\/{rel}","templated":true}]}}