{"id":12498,"date":"2025-02-13T15:20:48","date_gmt":"2025-02-13T14:20:48","guid":{"rendered":"https:\/\/www.ecomag-france.fr\/camions\/nissan-interstar-tarte-flambee-truck\/"},"modified":"2026-01-19T17:48:19","modified_gmt":"2026-01-19T16:48:19","slug":"nissan-interstar-tarte-flambee-truck","status":"publish","type":"product","link":"https:\/\/www.ecomag-france.fr\/en\/trucks\/nissan-interstar-tarte-flambee-truck\/","title":{"rendered":"Nissan Interstar Tarte flamb\u00e9e truck"},"content":{"rendered":"<p data-start=\"62\" data-end=\"146\"><strong>NEW STORE TRUCK WITH NEW FITTED CELL, VASP APPROVED, 5-YEAR WARRANTY<\/strong><\/p>\n<p data-start=\"148\" data-end=\"428\">Looking for a new, reliable, ready-to-use <strong>tarte flamb\u00e9e truck<\/strong>? This <strong>Nissan Interstar<\/strong>, with its 5-year warranty, is designed to meet the needs of professionals on the move. <\/p>\n<ul>\n<li data-start=\"78\" data-end=\"330\"><strong data-start=\"432\" data-end=\"457\">NEW rear cell<\/strong> (4m20 x 2m20 x 2m10) in <strong data-start=\"482\" data-end=\"508\">30 mm sandwich panel<\/strong>, food-safe and guaranteed for <strong data-start=\"555\" data-end=\"566\">24 months<\/strong>.<\/li>\n<li data-start=\"78\" data-end=\"330\"><strong data-start=\"472\" data-end=\"493\">Reinforced flooring<\/strong> and <strong data-start=\"497\" data-end=\"523\">new white paint<\/strong> for an impeccable look.<\/li>\n<li><strong>Specifications subject to revision<\/strong> in the event of regulatory changes after issue.<\/li>\n<li data-start=\"78\" data-end=\"330\"><strong data-start=\"554\" data-end=\"583\">VASP Magasin approval<\/strong> to be obtained from the DREAL for worry-free circulation.<\/li>\n<\/ul>\n<p data-start=\"660\" data-end=\"830\" data-is-last-node=\"\">A <a href=\"https:\/\/www.ecomag-france.fr\/en\/food-truck\/pizza-truck\/\">pizza truck <\/a>designed to offer you <strong data-start=\"693\" data-end=\"727\">reliability, safety and comfort<\/strong> in your itinerant activity. <strong data-start=\"760\" data-end=\"793\">Contact us now<\/strong> for more information!<\/p>\n","protected":false},"excerpt":{"rendered":"<p>NEW STORE TRUCK WITH NEW FITTED CELL, VASP APPROVED, 5-YEAR WARRANTY Looking for a new, reliable, ready-to-use tarte flamb\u00e9e truck? This Nissan Interstar, with its 5-year warranty, is designed to meet the needs of professionals on the move. NEW rear cell (4m20 x 2m20 x 2m10) in 30 mm sandwich panel, food-safe and guaranteed for [&hellip;]<\/p>\n","protected":false},"featured_media":11558,"comment_status":"closed","ping_status":"closed","template":"","meta":{"_acf_changed":false},"product_brand":[],"product_cat":[231,251,243],"product_tag":[286,263],"class_list":{"0":"post-12498","1":"product","2":"type-product","3":"status-publish","4":"has-post-thumbnail","6":"product_cat-fitted-food-trucks-catering-trucks","7":"product_cat-our-pizza-trucks","8":"product_cat-snack-truck","9":"product_tag-nine","10":"product_tag-nissan-en","12":"first","13":"instock","14":"shipping-taxable","15":"product-type-simple"},"acf":[],"yoast_head":"<!-- This site is optimized with the Yoast SEO plugin v27.4 - https:\/\/yoast.com\/product\/yoast-seo-wordpress\/ -->\n<title>Nissan Interstar Tarte flamb\u00e9e truck - Ecomag France<\/title>\n<meta name=\"description\" content=\"D\u00e9couvrez nos Nissan Interstar Tarte flamb\u00e9e truck sur ecomag-france.fr sp\u00e9cialiste foodtruck\" \/>\n<meta name=\"robots\" content=\"noindex, follow\" \/>\n<meta property=\"og:locale\" content=\"en_US\" \/>\n<meta property=\"og:type\" content=\"article\" \/>\n<meta property=\"og:title\" content=\"Nissan Interstar Tarte flamb\u00e9e truck - Ecomag France\" \/>\n<meta property=\"og:description\" content=\"D\u00e9couvrez nos Nissan Interstar Tarte flamb\u00e9e truck sur ecomag-france.fr sp\u00e9cialiste foodtruck\" \/>\n<meta property=\"og:url\" content=\"https:\/\/www.ecomag-france.fr\/en\/trucks\/nissan-interstar-tarte-flambee-truck\/\" \/>\n<meta property=\"og:site_name\" content=\"Ecomag France\" \/>\n<meta property=\"article:publisher\" content=\"https:\/\/www.facebook.com\/Ecomagfrance\" \/>\n<meta property=\"article:modified_time\" content=\"2026-01-19T16:48:19+00:00\" \/>\n<meta property=\"og:image\" content=\"https:\/\/www.ecomag-france.fr\/wp-content\/uploads\/2025\/02\/camion-tarte-flambee-exterieur-scaled.jpg\" \/>\n\t<meta property=\"og:image:width\" content=\"1920\" \/>\n\t<meta property=\"og:image:height\" content=\"2560\" \/>\n\t<meta property=\"og:image:type\" content=\"image\/jpeg\" \/>\n<meta name=\"twitter:card\" content=\"summary_large_image\" \/>\n<meta name=\"twitter:site\" content=\"@ecomagfrance\" \/>\n<meta name=\"twitter:label1\" content=\"Est. reading time\" \/>\n\t<meta name=\"twitter:data1\" content=\"1 minute\" \/>\n<!-- \/ Yoast SEO plugin. -->","yoast_head_json":{"title":"Nissan Interstar Tarte flamb\u00e9e truck - Ecomag France","description":"D\u00e9couvrez nos Nissan Interstar Tarte flamb\u00e9e truck sur ecomag-france.fr sp\u00e9cialiste foodtruck","robots":{"index":"noindex","follow":"follow"},"og_locale":"en_US","og_type":"article","og_title":"Nissan Interstar Tarte flamb\u00e9e truck - Ecomag France","og_description":"D\u00e9couvrez nos Nissan Interstar Tarte flamb\u00e9e truck sur ecomag-france.fr sp\u00e9cialiste foodtruck","og_url":"https:\/\/www.ecomag-france.fr\/en\/trucks\/nissan-interstar-tarte-flambee-truck\/","og_site_name":"Ecomag France","article_publisher":"https:\/\/www.facebook.com\/Ecomagfrance","article_modified_time":"2026-01-19T16:48:19+00:00","og_image":[{"width":1920,"height":2560,"url":"https:\/\/www.ecomag-france.fr\/wp-content\/uploads\/2025\/02\/camion-tarte-flambee-exterieur-scaled.jpg","type":"image\/jpeg"}],"twitter_card":"summary_large_image","twitter_site":"@ecomagfrance","twitter_misc":{"Est. reading time":"1 minute"},"schema":{"@context":"https:\/\/schema.org","@graph":[{"@type":"WebPage","@id":"https:\/\/www.ecomag-france.fr\/en\/trucks\/nissan-interstar-tarte-flambee-truck\/","url":"https:\/\/www.ecomag-france.fr\/en\/trucks\/nissan-interstar-tarte-flambee-truck\/","name":"Nissan Interstar Tarte flamb\u00e9e truck - Ecomag France","isPartOf":{"@id":"https:\/\/www.ecomag-france.fr\/en\/#website"},"primaryImageOfPage":{"@id":"https:\/\/www.ecomag-france.fr\/en\/trucks\/nissan-interstar-tarte-flambee-truck\/#primaryimage"},"image":{"@id":"https:\/\/www.ecomag-france.fr\/en\/trucks\/nissan-interstar-tarte-flambee-truck\/#primaryimage"},"thumbnailUrl":"https:\/\/www.ecomag-france.fr\/wp-content\/uploads\/2025\/02\/camion-tarte-flambee-exterieur-scaled.jpg","datePublished":"2025-02-13T14:20:48+00:00","dateModified":"2026-01-19T16:48:19+00:00","description":"D\u00e9couvrez nos Nissan Interstar Tarte flamb\u00e9e truck sur ecomag-france.fr sp\u00e9cialiste foodtruck","breadcrumb":{"@id":"https:\/\/www.ecomag-france.fr\/en\/trucks\/nissan-interstar-tarte-flambee-truck\/#breadcrumb"},"inLanguage":"en-US","potentialAction":[{"@type":"ReadAction","target":["https:\/\/www.ecomag-france.fr\/en\/trucks\/nissan-interstar-tarte-flambee-truck\/"]}]},{"@type":"ImageObject","inLanguage":"en-US","@id":"https:\/\/www.ecomag-france.fr\/en\/trucks\/nissan-interstar-tarte-flambee-truck\/#primaryimage","url":"https:\/\/www.ecomag-france.fr\/wp-content\/uploads\/2025\/02\/camion-tarte-flambee-exterieur-scaled.jpg","contentUrl":"https:\/\/www.ecomag-france.fr\/wp-content\/uploads\/2025\/02\/camion-tarte-flambee-exterieur-scaled.jpg","width":1920,"height":2560,"caption":"Camion Tarte flamb\u00e9e - Nissan Interstar - Ecomag"},{"@type":"BreadcrumbList","@id":"https:\/\/www.ecomag-france.fr\/en\/trucks\/nissan-interstar-tarte-flambee-truck\/#breadcrumb","itemListElement":[{"@type":"ListItem","position":1,"name":"Accueil","item":"https:\/\/www.ecomag-france.fr\/en\/redesign-2\/"},{"@type":"ListItem","position":2,"name":"Achievements","item":"https:\/\/www.ecomag-france.fr\/achievements\/"},{"@type":"ListItem","position":3,"name":"Nissan Interstar Tarte flamb\u00e9e truck"}]},{"@type":"WebSite","@id":"https:\/\/www.ecomag-france.fr\/en\/#website","url":"https:\/\/www.ecomag-france.fr\/en\/","name":"Ecomag France","description":"Fabrication de food truck et camion magasin","publisher":{"@id":"https:\/\/www.ecomag-france.fr\/en\/#organization"},"potentialAction":[{"@type":"SearchAction","target":{"@type":"EntryPoint","urlTemplate":"https:\/\/www.ecomag-france.fr\/en\/?s={search_term_string}"},"query-input":{"@type":"PropertyValueSpecification","valueRequired":true,"valueName":"search_term_string"}}],"inLanguage":"en-US"},{"@type":"Organization","@id":"https:\/\/www.ecomag-france.fr\/en\/#organization","name":"Ecomag France","url":"https:\/\/www.ecomag-france.fr\/en\/","logo":{"@type":"ImageObject","inLanguage":"en-US","@id":"https:\/\/www.ecomag-france.fr\/en\/#\/schema\/logo\/image\/","url":"https:\/\/www.ecomag-france.fr\/wp-content\/uploads\/2020\/10\/Ecomag-Logo-site.svg","contentUrl":"https:\/\/www.ecomag-france.fr\/wp-content\/uploads\/2020\/10\/Ecomag-Logo-site.svg","width":760,"height":245,"caption":"Ecomag France"},"image":{"@id":"https:\/\/www.ecomag-france.fr\/en\/#\/schema\/logo\/image\/"},"sameAs":["https:\/\/www.facebook.com\/Ecomagfrance","https:\/\/x.com\/ecomagfrance","https:\/\/www.instagram.com\/ecomagfrance5973\/"]}]}},"_links":{"self":[{"href":"https:\/\/www.ecomag-france.fr\/en\/wp-json\/wp\/v2\/product\/12498","targetHints":{"allow":["GET"]}}],"collection":[{"href":"https:\/\/www.ecomag-france.fr\/en\/wp-json\/wp\/v2\/product"}],"about":[{"href":"https:\/\/www.ecomag-france.fr\/en\/wp-json\/wp\/v2\/types\/product"}],"replies":[{"embeddable":true,"href":"https:\/\/www.ecomag-france.fr\/en\/wp-json\/wp\/v2\/comments?post=12498"}],"wp:featuredmedia":[{"embeddable":true,"href":"https:\/\/www.ecomag-france.fr\/en\/wp-json\/wp\/v2\/media\/11558"}],"wp:attachment":[{"href":"https:\/\/www.ecomag-france.fr\/en\/wp-json\/wp\/v2\/media?parent=12498"}],"wp:term":[{"taxonomy":"product_brand","embeddable":true,"href":"https:\/\/www.ecomag-france.fr\/en\/wp-json\/wp\/v2\/product_brand?post=12498"},{"taxonomy":"product_cat","embeddable":true,"href":"https:\/\/www.ecomag-france.fr\/en\/wp-json\/wp\/v2\/product_cat?post=12498"},{"taxonomy":"product_tag","embeddable":true,"href":"https:\/\/www.ecomag-france.fr\/en\/wp-json\/wp\/v2\/product_tag?post=12498"}],"curies":[{"name":"wp","href":"https:\/\/api.w.org\/{rel}","templated":true}]}}